{"id":60,"date":"2021-06-29T23:47:29","date_gmt":"2021-06-29T21:47:29","guid":{"rendered":"https:\/\/www.kleintierpraxis-wenzenbach.de\/WordPress\/?page_id=60"},"modified":"2023-03-05T20:56:03","modified_gmt":"2023-03-05T19:56:03","slug":"leistungsspektrum","status":"publish","type":"page","link":"https:\/\/www.kleintierpraxis-wenzenbach.de\/WordPress\/leistungsspektrum\/","title":{"rendered":"Leistungsspektrum"},"content":{"rendered":"\n<ul>\n<li>Digitales R\u00f6ntgen (incl. HD-\/ED-R\u00f6ntgen)<\/li>\n\n\n\n<li>Modernes Ultraschallger\u00e4t mit Doppler u.a. f\u00fcr Bauch- und Herzuntersuchungen<\/li>\n\n\n\n<li>Praxiseigenes Labor (u.a. Blut-, Kot-, Harn- und zytologische Untersuchungen)<\/li>\n\n\n\n<li>Innere Medizin (Diagnostik, Therapie und Prophylaxe von Infektionserkrankungen, Allergien, Herzerkrankungen, Magen-Darm- und Nierenerkrankungen, Tumorerkrankungen, Funktionsst\u00f6rungen von Schilddr\u00fcse, Nebenniere oder Bauchspeicheldr\u00fcse, Betreuung von Diabetikern, etc.)<\/li>\n\n\n\n<li>Chirurgie (Weichteil- und Tumorchirurgie, Kastrationen, geburtshilfliche Operationen, Operationen am \u00e4u\u00dferen Auge, etc.)<\/li>\n\n\n\n<li>Orthop\u00e4die<\/li>\n\n\n\n<li>An\u00e4sthesie (schonende Narkoseverfahren, modernes Inhalationsnarkoseger\u00e4t mit Beatmungsfunktion und Monitor\u00fcberwachung, reversible Kurznarkosen)<\/li>\n\n\n\n<li>Zahnheilkunde (u.a. digitales Dentalr\u00f6ntgen, professionelle Zahnreinigung und Zahnsanierung mit Zahnsteinentfernung, Erhebung des Parodontalstatus, Zahnpolitur mit Fluoridierung, geschlossene und offene Zahnextraktionen mit anschlie\u00dfendem Wundverschluss, Gebisskorrekturen bei kleinen Heimtieren)<\/li>\n\n\n\n<li>Gyn\u00e4kologie (incl. Deckzeitpunktbestimmung, Tr\u00e4chtigkeitsuntersuchung, Geburtshilfe)<\/li>\n\n\n\n<li>Augenheilkunde (Erkrankungen des Auges und der Augenumgebung, Verletzungen, Hornhauterkrankungen, etc.)<\/li>\n\n\n\n<li>Dermatologie (Aufarbeitung dermatologischer Problemf\u00e4lle, Allergiediagnostik, Hyposensibilisierung, Hautbiopsien, zytologische Schnelldiagnostik)<\/li>\n\n\n\n<li>Ern\u00e4hrungsberatung (Rationsberechnungen, Di\u00e4tplanerstellung, etc.)<\/li>\n\n\n\n<li>u.v.m.<\/li>\n<\/ul>\n\n\n\n<p><\/p>\n","protected":false},"excerpt":{"rendered":"","protected":false},"author":1,"featured_media":0,"parent":0,"menu_order":4,"comment_status":"closed","ping_status":"closed","template":"","meta":{"footnotes":""},"_links":{"self":[{"href":"https:\/\/www.kleintierpraxis-wenzenbach.de\/WordPress\/wp-json\/wp\/v2\/pages\/60"}],"collection":[{"href":"https:\/\/www.kleintierpraxis-wenzenbach.de\/WordPress\/wp-json\/wp\/v2\/pages"}],"about":[{"href":"https:\/\/www.kleintierpraxis-wenzenbach.de\/WordPress\/wp-json\/wp\/v2\/types\/page"}],"author":[{"embeddable":true,"href":"https:\/\/www.kleintierpraxis-wenzenbach.de\/WordPress\/wp-json\/wp\/v2\/users\/1"}],"replies":[{"embeddable":true,"href":"https:\/\/www.kleintierpraxis-wenzenbach.de\/WordPress\/wp-json\/wp\/v2\/comments?post=60"}],"version-history":[{"count":8,"href":"https:\/\/www.kleintierpraxis-wenzenbach.de\/WordPress\/wp-json\/wp\/v2\/pages\/60\/revisions"}],"predecessor-version":[{"id":381,"href":"https:\/\/www.kleintierpraxis-wenzenbach.de\/WordPress\/wp-json\/wp\/v2\/pages\/60\/revisions\/381"}],"wp:attachment":[{"href":"https:\/\/www.kleintierpraxis-wenzenbach.de\/WordPress\/wp-json\/wp\/v2\/media?parent=60"}],"curies":[{"name":"wp","href":"https:\/\/api.w.org\/{rel}","templated":true}]}}